{"id":53,"date":"2023-10-18T21:19:37","date_gmt":"2023-10-18T21:19:37","guid":{"rendered":"https:\/\/multimedia.uned.ac.cr\/ece\/olimpri\/?page_id=53"},"modified":"2025-07-20T14:52:15","modified_gmt":"2025-07-20T14:52:15","slug":"contacto-en-cada-pais","status":"publish","type":"page","link":"https:\/\/multimedia.uned.ac.cr\/ece\/olimpri\/comision-organizadora\/contacto-en-cada-pais\/","title":{"rendered":"Contacto en cada pa\u00eds"},"content":{"rendered":"\n<div class=\"wp-block-media-text is-stacked-on-mobile\" style=\"grid-template-columns:15% auto\"><figure class=\"wp-block-media-text__media\"><img loading=\"lazy\" decoding=\"async\" width=\"200\" height=\"125\" src=\"https:\/\/multimedia.uned.ac.cr\/ece\/olimpri\/wp-content\/uploads\/sites\/38\/2023\/11\/Unknown-2-1.png\" alt=\"\" class=\"wp-image-451 size-full\"\/><\/figure><div class=\"wp-block-media-text__content\">\n<p class=\"has-medium-font-size\"><strong>Argentina<\/strong>        <\/p>\n\n\n\n<p class=\"has-medium-font-size\">fauringpatricia@gmail.com<\/p>\n<\/div><\/div>\n\n\n\n<p><\/p>\n\n\n\n<div class=\"wp-block-media-text is-stacked-on-mobile\" style=\"grid-template-columns:15% auto\"><figure class=\"wp-block-media-text__media\"><img loading=\"lazy\" decoding=\"async\" width=\"275\" height=\"183\" src=\"https:\/\/multimedia.uned.ac.cr\/ece\/olimpri\/wp-content\/uploads\/sites\/38\/2023\/11\/Unknown-3.png\" alt=\"\" class=\"wp-image-452 size-full\"\/><\/figure><div class=\"wp-block-media-text__content\">\n<p class=\"has-medium-font-size\"><strong>Bolivia<\/strong>        <\/p>\n\n\n\n<p class=\"has-medium-font-size\">sergio_canaviri@hotmail.com<\/p>\n<\/div><\/div>\n\n\n\n<p><\/p>\n\n\n\n<div class=\"wp-block-media-text is-stacked-on-mobile\" style=\"grid-template-columns:15% auto\"><figure class=\"wp-block-media-text__media\"><img loading=\"lazy\" decoding=\"async\" width=\"200\" height=\"133\" src=\"https:\/\/multimedia.uned.ac.cr\/ece\/olimpri\/wp-content\/uploads\/sites\/38\/2023\/11\/Unknown-4.png\" alt=\"\" class=\"wp-image-455 size-full\"\/><\/figure><div class=\"wp-block-media-text__content\">\n<p class=\"has-medium-font-size\"><strong>Chile<\/strong>        <\/p>\n\n\n\n<p class=\"has-medium-font-size\">dacontreras@userena.cl<\/p>\n<\/div><\/div>\n\n\n\n<p><\/p>\n\n\n\n<div class=\"wp-block-media-text is-stacked-on-mobile\" style=\"grid-template-columns:15% auto\"><figure class=\"wp-block-media-text__media\"><img loading=\"lazy\" decoding=\"async\" width=\"200\" height=\"133\" src=\"https:\/\/multimedia.uned.ac.cr\/ece\/olimpri\/wp-content\/uploads\/sites\/38\/2023\/11\/Unknown-1-1.png\" alt=\"\" class=\"wp-image-453 size-full\"\/><\/figure><div class=\"wp-block-media-text__content\">\n<p class=\"has-medium-font-size\"><strong>Colombia<\/strong>        <\/p>\n\n\n\n<p class=\"has-medium-font-size\">jhaz@uniquindio.edu.co<\/p>\n<\/div><\/div>\n\n\n\n<p><\/p>\n\n\n\n<div class=\"wp-block-media-text is-stacked-on-mobile\" style=\"grid-template-columns:15% auto\"><figure class=\"wp-block-media-text__media\"><img loading=\"lazy\" decoding=\"async\" width=\"568\" height=\"354\" src=\"https:\/\/multimedia.uned.ac.cr\/ece\/olimpri\/wp-content\/uploads\/sites\/38\/2023\/11\/Captura-de-pantalla-2023-11-15-a-las-21.33.49.png\" alt=\"\" class=\"wp-image-322 size-full\" srcset=\"https:\/\/multimedia.uned.ac.cr\/ece\/olimpri\/wp-content\/uploads\/sites\/38\/2023\/11\/Captura-de-pantalla-2023-11-15-a-las-21.33.49.png 568w, https:\/\/multimedia.uned.ac.cr\/ece\/olimpri\/wp-content\/uploads\/sites\/38\/2023\/11\/Captura-de-pantalla-2023-11-15-a-las-21.33.49-300x187.png 300w\" sizes=\"auto, (min-width: 900px) 600px, 900px\" \/><\/figure><div class=\"wp-block-media-text__content\">\n<p class=\"has-medium-font-size\"><strong>Costa Rica<\/strong>        <\/p>\n\n\n\n<p class=\"has-medium-font-size\">mmorab@uned.ac.cr<\/p>\n<\/div><\/div>\n\n\n\n<p><\/p>\n\n\n\n<div class=\"wp-block-media-text is-stacked-on-mobile\" style=\"grid-template-columns:15% auto\"><figure class=\"wp-block-media-text__media\"><img loading=\"lazy\" decoding=\"async\" width=\"318\" height=\"159\" src=\"https:\/\/multimedia.uned.ac.cr\/ece\/olimpri\/wp-content\/uploads\/sites\/38\/2023\/11\/Unknown-3-2.png\" alt=\"\" class=\"wp-image-457 size-full\" srcset=\"https:\/\/multimedia.uned.ac.cr\/ece\/olimpri\/wp-content\/uploads\/sites\/38\/2023\/11\/Unknown-3-2.png 318w, https:\/\/multimedia.uned.ac.cr\/ece\/olimpri\/wp-content\/uploads\/sites\/38\/2023\/11\/Unknown-3-2-300x150.png 300w\" sizes=\"auto, (min-width: 900px) 600px, 900px\" \/><\/figure><div class=\"wp-block-media-text__content\">\n<p class=\"has-medium-font-size\"><strong>Cuba<\/strong>        <\/p>\n\n\n\n<p class=\"has-medium-font-size\">nelsonh231059@gmail.com<\/p>\n<\/div><\/div>\n\n\n\n<p><\/p>\n\n\n\n<div class=\"wp-block-media-text is-stacked-on-mobile\" style=\"grid-template-columns:15% auto\"><figure class=\"wp-block-media-text__media\"><img loading=\"lazy\" decoding=\"async\" width=\"275\" height=\"183\" src=\"https:\/\/multimedia.uned.ac.cr\/ece\/olimpri\/wp-content\/uploads\/sites\/38\/2023\/11\/Unknown-6.png\" alt=\"\" class=\"wp-image-461 size-full\"\/><\/figure><div class=\"wp-block-media-text__content\">\n<p class=\"has-medium-font-size\"><strong>Ecuador<\/strong>        <\/p>\n\n\n\n<p class=\"has-medium-font-size\">jahir_cajas_33@hotmail.com<\/p>\n<\/div><\/div>\n\n\n\n<p><\/p>\n\n\n\n<div class=\"wp-block-media-text is-stacked-on-mobile\" style=\"grid-template-columns:15% auto\"><figure class=\"wp-block-media-text__media\"><img loading=\"lazy\" decoding=\"async\" width=\"299\" height=\"168\" src=\"https:\/\/multimedia.uned.ac.cr\/ece\/olimpri\/wp-content\/uploads\/sites\/38\/2023\/11\/Unknown.jpeg\" alt=\"\" class=\"wp-image-462 size-full\"\/><\/figure><div class=\"wp-block-media-text__content\">\n<p class=\"has-medium-font-size\"><strong>Espa\u00f1a<\/strong>        <\/p>\n\n\n\n<p class=\"has-medium-font-size\">calzmex@yahoo.es<\/p>\n<\/div><\/div>\n\n\n\n<p><\/p>\n\n\n\n<div class=\"wp-block-media-text is-stacked-on-mobile\" style=\"grid-template-columns:15% auto\"><figure class=\"wp-block-media-text__media\"><img loading=\"lazy\" decoding=\"async\" width=\"664\" height=\"412\" src=\"https:\/\/multimedia.uned.ac.cr\/ece\/olimpri\/wp-content\/uploads\/sites\/38\/2024\/10\/Captura-de-pantalla-2024-10-14-a-las-10.37.22.png\" alt=\"\" class=\"wp-image-595 size-full\" srcset=\"https:\/\/multimedia.uned.ac.cr\/ece\/olimpri\/wp-content\/uploads\/sites\/38\/2024\/10\/Captura-de-pantalla-2024-10-14-a-las-10.37.22.png 664w, https:\/\/multimedia.uned.ac.cr\/ece\/olimpri\/wp-content\/uploads\/sites\/38\/2024\/10\/Captura-de-pantalla-2024-10-14-a-las-10.37.22-300x186.png 300w\" sizes=\"auto, (min-width: 900px) 600px, 900px\" \/><\/figure><div class=\"wp-block-media-text__content\">\n<p class=\"has-medium-font-size\"><strong>Guatemala<\/strong><\/p>\n\n\n\n<p class=\"has-medium-font-size\">ryr.g19@gmail.com<\/p>\n<\/div><\/div>\n\n\n\n<p><\/p>\n\n\n\n<div class=\"wp-block-media-text is-stacked-on-mobile\" style=\"grid-template-columns:15% auto\"><figure class=\"wp-block-media-text__media\"><img loading=\"lazy\" decoding=\"async\" width=\"318\" height=\"159\" src=\"https:\/\/multimedia.uned.ac.cr\/ece\/olimpri\/wp-content\/uploads\/sites\/38\/2023\/11\/Unknown-10.png\" alt=\"\" class=\"wp-image-460 size-full\" srcset=\"https:\/\/multimedia.uned.ac.cr\/ece\/olimpri\/wp-content\/uploads\/sites\/38\/2023\/11\/Unknown-10.png 318w, https:\/\/multimedia.uned.ac.cr\/ece\/olimpri\/wp-content\/uploads\/sites\/38\/2023\/11\/Unknown-10-300x150.png 300w\" sizes=\"auto, (min-width: 900px) 600px, 900px\" \/><\/figure><div class=\"wp-block-media-text__content\">\n<p class=\"has-medium-font-size\"><strong>Honduras<\/strong>        <\/p>\n\n\n\n<p class=\"has-medium-font-size\">dletona@upnfm.edu.hn<\/p>\n<\/div><\/div>\n\n\n\n<p><\/p>\n\n\n\n<div class=\"wp-block-media-text is-stacked-on-mobile\" style=\"grid-template-columns:15% auto\"><figure class=\"wp-block-media-text__media\"><img loading=\"lazy\" decoding=\"async\" width=\"297\" height=\"170\" src=\"https:\/\/multimedia.uned.ac.cr\/ece\/olimpri\/wp-content\/uploads\/sites\/38\/2023\/11\/Unknown-9.png\" alt=\"\" class=\"wp-image-459 size-full\"\/><\/figure><div class=\"wp-block-media-text__content\">\n<p class=\"has-medium-font-size\"><strong>M\u00e9xico<\/strong>        <\/p>\n\n\n\n<p class=\"has-medium-font-size\">cen.anpm.ac@gmail.com<\/p>\n<\/div><\/div>\n\n\n\n<p><\/p>\n\n\n\n<div class=\"wp-block-media-text is-stacked-on-mobile\" style=\"grid-template-columns:15% auto\"><figure class=\"wp-block-media-text__media\"><img loading=\"lazy\" decoding=\"async\" width=\"200\" height=\"133\" src=\"https:\/\/multimedia.uned.ac.cr\/ece\/olimpri\/wp-content\/uploads\/sites\/38\/2023\/11\/Unknown-11.png\" alt=\"\" class=\"wp-image-464 size-full\"\/><\/figure><div class=\"wp-block-media-text__content\">\n<p class=\"has-medium-font-size\"><strong>Panam\u00e1<\/strong>        <\/p>\n\n\n\n<p class=\"has-medium-font-size\">pmarroneg@gmail.com<\/p>\n<\/div><\/div>\n\n\n\n<p><\/p>\n\n\n\n<div class=\"wp-block-media-text is-stacked-on-mobile\" style=\"grid-template-columns:15% auto\"><figure class=\"wp-block-media-text__media\"><img loading=\"lazy\" decoding=\"async\" width=\"1024\" height=\"595\" src=\"https:\/\/multimedia.uned.ac.cr\/ece\/olimpri\/wp-content\/uploads\/sites\/38\/2023\/11\/Captura-de-pantalla-2023-11-15-a-las-21.40.26-1-1024x595.png\" alt=\"\" class=\"wp-image-328 size-full\" srcset=\"https:\/\/multimedia.uned.ac.cr\/ece\/olimpri\/wp-content\/uploads\/sites\/38\/2023\/11\/Captura-de-pantalla-2023-11-15-a-las-21.40.26-1-1024x595.png 1024w, https:\/\/multimedia.uned.ac.cr\/ece\/olimpri\/wp-content\/uploads\/sites\/38\/2023\/11\/Captura-de-pantalla-2023-11-15-a-las-21.40.26-1-300x174.png 300w, https:\/\/multimedia.uned.ac.cr\/ece\/olimpri\/wp-content\/uploads\/sites\/38\/2023\/11\/Captura-de-pantalla-2023-11-15-a-las-21.40.26-1-768x447.png 768w, https:\/\/multimedia.uned.ac.cr\/ece\/olimpri\/wp-content\/uploads\/sites\/38\/2023\/11\/Captura-de-pantalla-2023-11-15-a-las-21.40.26-1.png 1448w\" sizes=\"auto, (min-width: 900px) 600px, 900px\" \/><\/figure><div class=\"wp-block-media-text__content\">\n<p class=\"has-medium-font-size\"><strong>Paraguay<\/strong>        <\/p>\n\n\n\n<p class=\"has-medium-font-size\">academico@omapa.org.py<\/p>\n<\/div><\/div>\n\n\n\n<p><\/p>\n\n\n\n<div class=\"wp-block-media-text is-stacked-on-mobile\" style=\"grid-template-columns:15% auto\"><figure class=\"wp-block-media-text__media\"><img loading=\"lazy\" decoding=\"async\" width=\"270\" height=\"180\" src=\"https:\/\/multimedia.uned.ac.cr\/ece\/olimpri\/wp-content\/uploads\/sites\/38\/2023\/11\/Unknown-8.png\" alt=\"\" class=\"wp-image-458 size-full\"\/><\/figure><div class=\"wp-block-media-text__content\">\n<p class=\"has-medium-font-size\"><strong>Per\u00fa<\/strong>        <\/p>\n\n\n\n<p class=\"has-medium-font-size\">juan.neyra@grupo-mate.com<\/p>\n<\/div><\/div>\n\n\n\n<p><\/p>\n\n\n\n<div class=\"wp-block-media-text is-stacked-on-mobile\" style=\"grid-template-columns:15% auto\"><figure class=\"wp-block-media-text__media\"><img loading=\"lazy\" decoding=\"async\" width=\"270\" height=\"180\" src=\"https:\/\/multimedia.uned.ac.cr\/ece\/olimpri\/wp-content\/uploads\/sites\/38\/2023\/11\/Unknown-5.png\" alt=\"\" class=\"wp-image-454 size-full\"\/><\/figure><div class=\"wp-block-media-text__content\">\n<p class=\"has-medium-font-size\"><strong>Uruguay<\/strong>        <\/p>\n\n\n\n<p class=\"has-medium-font-size\">mstock0995@gmail.com<\/p>\n<\/div><\/div>\n\n\n\n<h5 class=\"wp-block-heading\"><\/h5>\n\n\n\n<div class=\"wp-block-media-text is-stacked-on-mobile\" style=\"grid-template-columns:15% auto\"><figure class=\"wp-block-media-text__media\"><img loading=\"lazy\" decoding=\"async\" width=\"275\" height=\"183\" src=\"https:\/\/multimedia.uned.ac.cr\/ece\/olimpri\/wp-content\/uploads\/sites\/38\/2023\/11\/Unknown-7.png\" alt=\"\" class=\"wp-image-463 size-full\"\/><\/figure><div class=\"wp-block-media-text__content\">\n<p class=\"has-medium-font-size\"><strong>Venezuela<\/strong>        <\/p>\n\n\n\n<p class=\"has-medium-font-size\">gerardo@fundacionmotoresporlapaz.org<\/p>\n<\/div><\/div>\n","protected":false},"excerpt":{"rendered":"<p>Argentina fauringpatricia@gmail.com Bolivia sergio_canaviri@hotmail.com Chile dacontreras@userena.cl Colombia jhaz@uniquindio.edu.co Costa Rica mmorab@uned.ac.cr Cuba nelsonh231059@gmail.com Ecuador jahir_cajas_33@hotmail.com Espa\u00f1a calzmex@yahoo.es Guatemala ryr.g19@gmail.com Honduras dletona@upnfm.edu.hn M\u00e9xico cen.anpm.ac@gmail.com Panam\u00e1 pmarroneg@gmail.com Paraguay academico@omapa.org.py Per\u00fa juan.neyra@grupo-mate.com Uruguay mstock0995@gmail.com Venezuela gerardo@fundacionmotoresporlapaz.org<\/p>\n","protected":false},"author":2,"featured_media":0,"parent":49,"menu_order":0,"comment_status":"closed","ping_status":"closed","template":"page-full-width.php","meta":{"footnotes":""},"class_list":["post-53","page","type-page","status-publish","hentry"],"_links":{"self":[{"href":"https:\/\/multimedia.uned.ac.cr\/ece\/olimpri\/wp-json\/wp\/v2\/pages\/53","targetHints":{"allow":["GET"]}}],"collection":[{"href":"https:\/\/multimedia.uned.ac.cr\/ece\/olimpri\/wp-json\/wp\/v2\/pages"}],"about":[{"href":"https:\/\/multimedia.uned.ac.cr\/ece\/olimpri\/wp-json\/wp\/v2\/types\/page"}],"author":[{"embeddable":true,"href":"https:\/\/multimedia.uned.ac.cr\/ece\/olimpri\/wp-json\/wp\/v2\/users\/2"}],"replies":[{"embeddable":true,"href":"https:\/\/multimedia.uned.ac.cr\/ece\/olimpri\/wp-json\/wp\/v2\/comments?post=53"}],"version-history":[{"count":10,"href":"https:\/\/multimedia.uned.ac.cr\/ece\/olimpri\/wp-json\/wp\/v2\/pages\/53\/revisions"}],"predecessor-version":[{"id":681,"href":"https:\/\/multimedia.uned.ac.cr\/ece\/olimpri\/wp-json\/wp\/v2\/pages\/53\/revisions\/681"}],"up":[{"embeddable":true,"href":"https:\/\/multimedia.uned.ac.cr\/ece\/olimpri\/wp-json\/wp\/v2\/pages\/49"}],"wp:attachment":[{"href":"https:\/\/multimedia.uned.ac.cr\/ece\/olimpri\/wp-json\/wp\/v2\/media?parent=53"}],"curies":[{"name":"wp","href":"https:\/\/api.w.org\/{rel}","templated":true}]}}