{"id":51,"date":"2023-10-18T21:19:16","date_gmt":"2023-10-18T21:19:16","guid":{"rendered":"https:\/\/multimedia.uned.ac.cr\/ece\/olimpri\/?page_id=51"},"modified":"2024-10-14T08:35:45","modified_gmt":"2024-10-14T08:35:45","slug":"instituciones-que-avalan","status":"publish","type":"page","link":"https:\/\/multimedia.uned.ac.cr\/ece\/olimpri\/comision-organizadora\/instituciones-que-avalan\/","title":{"rendered":"Instituciones que avalan"},"content":{"rendered":"\n<div class=\"wp-block-media-text is-stacked-on-mobile\" style=\"grid-template-columns:16% auto\"><figure class=\"wp-block-media-text__media\"><img loading=\"lazy\" decoding=\"async\" width=\"434\" height=\"414\" src=\"https:\/\/multimedia.uned.ac.cr\/ece\/olimpri\/wp-content\/uploads\/sites\/38\/2023\/11\/Captura-de-pantalla-2023-11-18-a-las-00.57.50.png\" alt=\"\" class=\"wp-image-481 size-full\" srcset=\"https:\/\/multimedia.uned.ac.cr\/ece\/olimpri\/wp-content\/uploads\/sites\/38\/2023\/11\/Captura-de-pantalla-2023-11-18-a-las-00.57.50.png 434w, https:\/\/multimedia.uned.ac.cr\/ece\/olimpri\/wp-content\/uploads\/sites\/38\/2023\/11\/Captura-de-pantalla-2023-11-18-a-las-00.57.50-300x286.png 300w\" sizes=\"auto, (min-width: 900px) 600px, 900px\" \/><\/figure><div class=\"wp-block-media-text__content\">\n<p>Universidad Estatal a Distancia, Costa Rica. <\/p>\n\n\n\n<p><a href=\"https:\/\/www.uned.ac.cr\">https:\/\/www.uned.ac.cr<\/a><\/p>\n\n\n\n<p><\/p>\n<\/div><\/div>\n\n\n\n<div class=\"wp-block-media-text is-stacked-on-mobile\" style=\"grid-template-columns:16% auto\"><figure class=\"wp-block-media-text__media\"><img loading=\"lazy\" decoding=\"async\" width=\"640\" height=\"710\" src=\"https:\/\/multimedia.uned.ac.cr\/ece\/olimpri\/wp-content\/uploads\/sites\/38\/2023\/11\/APOTEMA.jpg\" alt=\"\" class=\"wp-image-318 size-full\" srcset=\"https:\/\/multimedia.uned.ac.cr\/ece\/olimpri\/wp-content\/uploads\/sites\/38\/2023\/11\/APOTEMA.jpg 640w, https:\/\/multimedia.uned.ac.cr\/ece\/olimpri\/wp-content\/uploads\/sites\/38\/2023\/11\/APOTEMA-270x300.jpg 270w\" sizes=\"auto, (min-width: 900px) 600px, 900px\" \/><\/figure><div class=\"wp-block-media-text__content\">\n<p>Asociaci\u00f3n para la promoci\u00f3n del talento matem\u00e1tico, Costa Rica. <\/p>\n\n\n\n<p><a href=\"https:\/\/www.facebook.com\/apotemacr\">https:\/\/www.facebook.com\/apotemacr<\/a><\/p>\n\n\n\n<p><\/p>\n<\/div><\/div>\n\n\n\n<div class=\"wp-block-media-text is-stacked-on-mobile\" style=\"grid-template-columns:16% auto\"><figure class=\"wp-block-media-text__media\"><img loading=\"lazy\" decoding=\"async\" width=\"622\" height=\"630\" src=\"https:\/\/multimedia.uned.ac.cr\/ece\/olimpri\/wp-content\/uploads\/sites\/38\/2024\/10\/Captura-de-pantalla-2024-10-14-a-las-10.21.11.png\" alt=\"\" class=\"wp-image-581 size-full\" srcset=\"https:\/\/multimedia.uned.ac.cr\/ece\/olimpri\/wp-content\/uploads\/sites\/38\/2024\/10\/Captura-de-pantalla-2024-10-14-a-las-10.21.11.png 622w, https:\/\/multimedia.uned.ac.cr\/ece\/olimpri\/wp-content\/uploads\/sites\/38\/2024\/10\/Captura-de-pantalla-2024-10-14-a-las-10.21.11-296x300.png 296w\" sizes=\"auto, (min-width: 900px) 600px, 900px\" \/><\/figure><div class=\"wp-block-media-text__content\">\n<p>Sociedad Bolivariana de Ciencia y Tecnolog\u00eda.<\/p>\n\n\n\n<p><a href=\"https:\/\/www.sobocyt.com\">https:\/\/www.sobocyt.com<\/a><\/p>\n\n\n\n<p><\/p>\n<\/div><\/div>\n\n\n\n<div class=\"wp-block-media-text is-stacked-on-mobile\" style=\"grid-template-columns:16% auto\"><figure class=\"wp-block-media-text__media\"><img loading=\"lazy\" decoding=\"async\" width=\"342\" height=\"360\" src=\"https:\/\/multimedia.uned.ac.cr\/ece\/olimpri\/wp-content\/uploads\/sites\/38\/2024\/10\/Captura-de-pantalla-2024-10-14-a-las-09.58.09.png\" alt=\"\" class=\"wp-image-571 size-full\" srcset=\"https:\/\/multimedia.uned.ac.cr\/ece\/olimpri\/wp-content\/uploads\/sites\/38\/2024\/10\/Captura-de-pantalla-2024-10-14-a-las-09.58.09.png 342w, https:\/\/multimedia.uned.ac.cr\/ece\/olimpri\/wp-content\/uploads\/sites\/38\/2024\/10\/Captura-de-pantalla-2024-10-14-a-las-09.58.09-285x300.png 285w\" sizes=\"auto, (min-width: 900px) 600px, 900px\" \/><\/figure><div class=\"wp-block-media-text__content\">\n<p>Olimpiada Bolivariana de Ciencias, Bolivia. <\/p>\n\n\n\n<p><a href=\"http:\/\/www.sobocyt.com\" data-type=\"link\" data-id=\"www.sobocyt.com\">www.sobocyt.com<\/a><\/p>\n\n\n\n<p><\/p>\n<\/div><\/div>\n\n\n\n<div class=\"wp-block-media-text is-stacked-on-mobile\" style=\"grid-template-columns:16% auto\"><figure class=\"wp-block-media-text__media\"><img loading=\"lazy\" decoding=\"async\" width=\"538\" height=\"584\" src=\"https:\/\/multimedia.uned.ac.cr\/ece\/olimpri\/wp-content\/uploads\/sites\/38\/2024\/10\/Captura-de-pantalla-2024-10-14-a-las-09.58.49.png\" alt=\"\" class=\"wp-image-572 size-full\" srcset=\"https:\/\/multimedia.uned.ac.cr\/ece\/olimpri\/wp-content\/uploads\/sites\/38\/2024\/10\/Captura-de-pantalla-2024-10-14-a-las-09.58.49.png 538w, https:\/\/multimedia.uned.ac.cr\/ece\/olimpri\/wp-content\/uploads\/sites\/38\/2024\/10\/Captura-de-pantalla-2024-10-14-a-las-09.58.49-276x300.png 276w\" sizes=\"auto, (min-width: 900px) 600px, 900px\" \/><\/figure><div class=\"wp-block-media-text__content\">\n<p>Federaci\u00f3n Espa\u00f1ola de Sociedades de Profesores de Matem\u00e1tica, Espa\u00f1a. <\/p>\n\n\n\n<p><a href=\"https:\/\/fespm.es\">https:\/\/fespm.es<\/a><\/p>\n\n\n\n<p><\/p>\n<\/div><\/div>\n\n\n\n<div class=\"wp-block-media-text is-stacked-on-mobile\" style=\"grid-template-columns:16% auto\"><figure class=\"wp-block-media-text__media\"><img loading=\"lazy\" decoding=\"async\" width=\"384\" height=\"440\" src=\"https:\/\/multimedia.uned.ac.cr\/ece\/olimpri\/wp-content\/uploads\/sites\/38\/2024\/10\/Captura-de-pantalla-2024-10-14-a-las-10.01.00.png\" alt=\"\" class=\"wp-image-574 size-full\" srcset=\"https:\/\/multimedia.uned.ac.cr\/ece\/olimpri\/wp-content\/uploads\/sites\/38\/2024\/10\/Captura-de-pantalla-2024-10-14-a-las-10.01.00.png 384w, https:\/\/multimedia.uned.ac.cr\/ece\/olimpri\/wp-content\/uploads\/sites\/38\/2024\/10\/Captura-de-pantalla-2024-10-14-a-las-10.01.00-262x300.png 262w\" sizes=\"auto, (min-width: 900px) 600px, 900px\" \/><\/figure><div class=\"wp-block-media-text__content\">\n<p>Olimpiada Matem\u00e1tica Argentina, Argentina. <\/p>\n\n\n\n<p><a href=\"https:\/\/www.oma.org.ar\">https:\/\/www.oma.org.ar<\/a><\/p>\n\n\n\n<p><\/p>\n<\/div><\/div>\n\n\n\n<div class=\"wp-block-media-text is-stacked-on-mobile\" style=\"grid-template-columns:16% auto\"><figure class=\"wp-block-media-text__media\"><img loading=\"lazy\" decoding=\"async\" width=\"894\" height=\"914\" src=\"https:\/\/multimedia.uned.ac.cr\/ece\/olimpri\/wp-content\/uploads\/sites\/38\/2024\/10\/Captura-de-pantalla-2024-10-14-a-las-10.23.13-1.png\" alt=\"\" class=\"wp-image-585 size-full\" srcset=\"https:\/\/multimedia.uned.ac.cr\/ece\/olimpri\/wp-content\/uploads\/sites\/38\/2024\/10\/Captura-de-pantalla-2024-10-14-a-las-10.23.13-1.png 894w, https:\/\/multimedia.uned.ac.cr\/ece\/olimpri\/wp-content\/uploads\/sites\/38\/2024\/10\/Captura-de-pantalla-2024-10-14-a-las-10.23.13-1-293x300.png 293w, https:\/\/multimedia.uned.ac.cr\/ece\/olimpri\/wp-content\/uploads\/sites\/38\/2024\/10\/Captura-de-pantalla-2024-10-14-a-las-10.23.13-1-768x785.png 768w\" sizes=\"auto, (min-width: 900px) 600px, 900px\" \/><\/figure><div class=\"wp-block-media-text__content\">\n<p>Departamento de Educaci\u00f3n B\u00e1sica, Universidad Pedag\u00f3gica Nacional Francisco Moraz\u00e1n, Honduras. <\/p>\n\n\n\n<p><a href=\"https:\/\/www.upnfm.edu.hn\">https:\/\/www.upnfm.edu.hn<\/a><\/p>\n\n\n\n<p><\/p>\n<\/div><\/div>\n\n\n\n<div class=\"wp-block-media-text is-stacked-on-mobile\" style=\"grid-template-columns:16% auto\"><figure class=\"wp-block-media-text__media\"><img loading=\"lazy\" decoding=\"async\" width=\"572\" height=\"596\" src=\"https:\/\/multimedia.uned.ac.cr\/ece\/olimpri\/wp-content\/uploads\/sites\/38\/2024\/10\/Captura-de-pantalla-2024-10-14-a-las-10.31.34.png\" alt=\"\" class=\"wp-image-589 size-full\" srcset=\"https:\/\/multimedia.uned.ac.cr\/ece\/olimpri\/wp-content\/uploads\/sites\/38\/2024\/10\/Captura-de-pantalla-2024-10-14-a-las-10.31.34.png 572w, https:\/\/multimedia.uned.ac.cr\/ece\/olimpri\/wp-content\/uploads\/sites\/38\/2024\/10\/Captura-de-pantalla-2024-10-14-a-las-10.31.34-288x300.png 288w\" sizes=\"auto, (min-width: 900px) 600px, 900px\" \/><\/figure><div class=\"wp-block-media-text__content\">\n<p>Universidad Pedag\u00f3gica Nacional Francisco Moraz\u00e1n, Honduras. <\/p>\n\n\n\n<p><a href=\"https:\/\/www.upnfm.edu.hn\">https:\/\/www.upnfm.edu.hn<\/a><\/p>\n\n\n\n<p><\/p>\n<\/div><\/div>\n\n\n\n<div class=\"wp-block-media-text is-stacked-on-mobile\" style=\"grid-template-columns:16% auto\"><figure class=\"wp-block-media-text__media\"><img loading=\"lazy\" decoding=\"async\" width=\"646\" height=\"738\" src=\"https:\/\/multimedia.uned.ac.cr\/ece\/olimpri\/wp-content\/uploads\/sites\/38\/2024\/10\/Captura-de-pantalla-2024-10-14-a-las-10.02.55.png\" alt=\"\" class=\"wp-image-575 size-full\" srcset=\"https:\/\/multimedia.uned.ac.cr\/ece\/olimpri\/wp-content\/uploads\/sites\/38\/2024\/10\/Captura-de-pantalla-2024-10-14-a-las-10.02.55.png 646w, https:\/\/multimedia.uned.ac.cr\/ece\/olimpri\/wp-content\/uploads\/sites\/38\/2024\/10\/Captura-de-pantalla-2024-10-14-a-las-10.02.55-263x300.png 263w\" sizes=\"auto, (min-width: 900px) 600px, 900px\" \/><\/figure><div class=\"wp-block-media-text__content\">\n<p>Asociaci\u00f3n Nacional de Profesores de Matem\u00e1tica, M\u00e9xico. <\/p>\n\n\n\n<p><a href=\"https:\/\/www.anpm.mx\">https:\/\/www.anpm.mx<\/a><\/p>\n\n\n\n<p><\/p>\n<\/div><\/div>\n\n\n\n<div class=\"wp-block-media-text is-stacked-on-mobile\" style=\"grid-template-columns:16% auto\"><figure class=\"wp-block-media-text__media\"><img loading=\"lazy\" decoding=\"async\" width=\"560\" height=\"552\" src=\"https:\/\/multimedia.uned.ac.cr\/ece\/olimpri\/wp-content\/uploads\/sites\/38\/2024\/10\/Captura-de-pantalla-2024-10-14-a-las-10.32.39.png\" alt=\"\" class=\"wp-image-591 size-full\" srcset=\"https:\/\/multimedia.uned.ac.cr\/ece\/olimpri\/wp-content\/uploads\/sites\/38\/2024\/10\/Captura-de-pantalla-2024-10-14-a-las-10.32.39.png 560w, https:\/\/multimedia.uned.ac.cr\/ece\/olimpri\/wp-content\/uploads\/sites\/38\/2024\/10\/Captura-de-pantalla-2024-10-14-a-las-10.32.39-300x296.png 300w\" sizes=\"auto, (min-width: 900px) 600px, 900px\" \/><\/figure><div class=\"wp-block-media-text__content\">\n<p>Olimpiada Recreativa de Matem\u00e1tica, Venezuela. <\/p>\n\n\n\n<p><a href=\"https:\/\/ormve.org\">https:\/\/ormve.org<\/a><\/p>\n\n\n\n<p><\/p>\n<\/div><\/div>\n\n\n\n<div class=\"wp-block-media-text is-stacked-on-mobile\" style=\"grid-template-columns:16% auto\"><figure class=\"wp-block-media-text__media\"><img loading=\"lazy\" decoding=\"async\" width=\"648\" height=\"612\" src=\"https:\/\/multimedia.uned.ac.cr\/ece\/olimpri\/wp-content\/uploads\/sites\/38\/2024\/10\/Captura-de-pantalla-2024-10-14-a-las-10.33.42.png\" alt=\"\" class=\"wp-image-592 size-full\" srcset=\"https:\/\/multimedia.uned.ac.cr\/ece\/olimpri\/wp-content\/uploads\/sites\/38\/2024\/10\/Captura-de-pantalla-2024-10-14-a-las-10.33.42.png 648w, https:\/\/multimedia.uned.ac.cr\/ece\/olimpri\/wp-content\/uploads\/sites\/38\/2024\/10\/Captura-de-pantalla-2024-10-14-a-las-10.33.42-300x283.png 300w\" sizes=\"auto, (min-width: 900px) 600px, 900px\" \/><\/figure><div class=\"wp-block-media-text__content\">\n<p>Fundaci\u00f3n Motores por la Paz, Venezuela. <\/p>\n\n\n\n<p><a href=\"https:\/\/orbitaci130.org\">https:\/\/orbitaci130.org<\/a><\/p>\n\n\n\n<p><\/p>\n<\/div><\/div>\n\n\n\n<div class=\"wp-block-media-text is-stacked-on-mobile\" style=\"grid-template-columns:16% auto\"><figure class=\"wp-block-media-text__media\"><img loading=\"lazy\" decoding=\"async\" width=\"722\" height=\"820\" src=\"https:\/\/multimedia.uned.ac.cr\/ece\/olimpri\/wp-content\/uploads\/sites\/38\/2024\/10\/Captura-de-pantalla-2024-10-14-a-las-10.05.10.png\" alt=\"\" class=\"wp-image-577 size-full\" srcset=\"https:\/\/multimedia.uned.ac.cr\/ece\/olimpri\/wp-content\/uploads\/sites\/38\/2024\/10\/Captura-de-pantalla-2024-10-14-a-las-10.05.10.png 722w, https:\/\/multimedia.uned.ac.cr\/ece\/olimpri\/wp-content\/uploads\/sites\/38\/2024\/10\/Captura-de-pantalla-2024-10-14-a-las-10.05.10-264x300.png 264w\" sizes=\"auto, (min-width: 900px) 600px, 900px\" \/><\/figure><div class=\"wp-block-media-text__content\">\n<p>Organizaci\u00f3n Multidisciplinaria de apoyo a profesores y alumnos, Paraguay. <\/p>\n\n\n\n<p><a href=\"https:\/\/www.omapa.org\">https:\/\/www.omapa.org<\/a><\/p>\n\n\n\n<p><\/p>\n<\/div><\/div>\n\n\n\n<div class=\"wp-block-media-text is-stacked-on-mobile\" style=\"grid-template-columns:16% auto\"><figure class=\"wp-block-media-text__media\"><img loading=\"lazy\" decoding=\"async\" width=\"638\" height=\"640\" src=\"https:\/\/multimedia.uned.ac.cr\/ece\/olimpri\/wp-content\/uploads\/sites\/38\/2024\/10\/Captura-de-pantalla-2024-10-14-a-las-10.06.12.png\" alt=\"\" class=\"wp-image-578 size-full\" srcset=\"https:\/\/multimedia.uned.ac.cr\/ece\/olimpri\/wp-content\/uploads\/sites\/38\/2024\/10\/Captura-de-pantalla-2024-10-14-a-las-10.06.12.png 638w, https:\/\/multimedia.uned.ac.cr\/ece\/olimpri\/wp-content\/uploads\/sites\/38\/2024\/10\/Captura-de-pantalla-2024-10-14-a-las-10.06.12-300x300.png 300w, https:\/\/multimedia.uned.ac.cr\/ece\/olimpri\/wp-content\/uploads\/sites\/38\/2024\/10\/Captura-de-pantalla-2024-10-14-a-las-10.06.12-150x150.png 150w\" sizes=\"auto, (min-width: 900px) 600px, 900px\" \/><\/figure><div class=\"wp-block-media-text__content\">\n<p>Fundaci\u00f3n Olimpiada Paname\u00f1a de Matem\u00e1tica, Panam\u00e1. <\/p>\n\n\n\n<p><a href=\"https:\/\/opm.org.pa\">https:\/\/opm.org.pa<\/a><\/p>\n\n\n\n<p><\/p>\n<\/div><\/div>\n\n\n\n<div class=\"wp-block-media-text is-stacked-on-mobile\" style=\"grid-template-columns:15% auto\"><figure class=\"wp-block-media-text__media\"><img loading=\"lazy\" decoding=\"async\" width=\"868\" height=\"618\" src=\"https:\/\/multimedia.uned.ac.cr\/ece\/olimpri\/wp-content\/uploads\/sites\/38\/2023\/11\/Captura-de-pantalla-2023-11-18-a-las-00.43.24.png\" alt=\"\" class=\"wp-image-472 size-full\" srcset=\"https:\/\/multimedia.uned.ac.cr\/ece\/olimpri\/wp-content\/uploads\/sites\/38\/2023\/11\/Captura-de-pantalla-2023-11-18-a-las-00.43.24.png 868w, https:\/\/multimedia.uned.ac.cr\/ece\/olimpri\/wp-content\/uploads\/sites\/38\/2023\/11\/Captura-de-pantalla-2023-11-18-a-las-00.43.24-300x214.png 300w, https:\/\/multimedia.uned.ac.cr\/ece\/olimpri\/wp-content\/uploads\/sites\/38\/2023\/11\/Captura-de-pantalla-2023-11-18-a-las-00.43.24-768x547.png 768w\" sizes=\"auto, (min-width: 900px) 600px, 900px\" \/><\/figure><div class=\"wp-block-media-text__content\">\n<p>Jornadas Matem\u00e1ticas, Chile. <\/p>\n\n\n\n<p><a href=\"https:\/\/www.facebook.com\/JomatChile\/\">https:\/\/www.facebook.com\/JomatChile\/<\/a><\/p>\n\n\n\n<p><\/p>\n<\/div><\/div>\n\n\n\n<div class=\"wp-block-media-text is-stacked-on-mobile\" style=\"grid-template-columns:16% auto\"><figure class=\"wp-block-media-text__media\"><img loading=\"lazy\" decoding=\"async\" width=\"648\" height=\"602\" src=\"https:\/\/multimedia.uned.ac.cr\/ece\/olimpri\/wp-content\/uploads\/sites\/38\/2024\/10\/Captura-de-pantalla-2024-10-14-a-las-10.27.46.png\" alt=\"\" class=\"wp-image-586 size-full\" srcset=\"https:\/\/multimedia.uned.ac.cr\/ece\/olimpri\/wp-content\/uploads\/sites\/38\/2024\/10\/Captura-de-pantalla-2024-10-14-a-las-10.27.46.png 648w, https:\/\/multimedia.uned.ac.cr\/ece\/olimpri\/wp-content\/uploads\/sites\/38\/2024\/10\/Captura-de-pantalla-2024-10-14-a-las-10.27.46-300x279.png 300w\" sizes=\"auto, (min-width: 900px) 600px, 900px\" \/><\/figure><div class=\"wp-block-media-text__content\">\n<p>Com-Partida de Matem\u00e1tica del Uruguay, Uruguay. <\/p>\n\n\n\n<p><a href=\"https:\/\/com-partidauruguay.weebly.com\">https:\/\/com-partidauruguay.weebly.com<\/a><\/p>\n\n\n\n<p><\/p>\n<\/div><\/div>\n\n\n\n<div class=\"wp-block-media-text is-stacked-on-mobile\" style=\"grid-template-columns:16% auto\"><figure class=\"wp-block-media-text__media\"><img loading=\"lazy\" decoding=\"async\" width=\"744\" height=\"744\" src=\"https:\/\/multimedia.uned.ac.cr\/ece\/olimpri\/wp-content\/uploads\/sites\/38\/2024\/10\/Captura-de-pantalla-2024-10-14-a-las-10.29.38.png\" alt=\"\" class=\"wp-image-587 size-full\" srcset=\"https:\/\/multimedia.uned.ac.cr\/ece\/olimpri\/wp-content\/uploads\/sites\/38\/2024\/10\/Captura-de-pantalla-2024-10-14-a-las-10.29.38.png 744w, https:\/\/multimedia.uned.ac.cr\/ece\/olimpri\/wp-content\/uploads\/sites\/38\/2024\/10\/Captura-de-pantalla-2024-10-14-a-las-10.29.38-300x300.png 300w, https:\/\/multimedia.uned.ac.cr\/ece\/olimpri\/wp-content\/uploads\/sites\/38\/2024\/10\/Captura-de-pantalla-2024-10-14-a-las-10.29.38-150x150.png 150w\" sizes=\"auto, (min-width: 900px) 600px, 900px\" \/><\/figure><div class=\"wp-block-media-text__content\">\n<p>Olimpiada Infantil de Matem\u00e1ticas para el II Ciclo de Educaci\u00f3n B\u00e1sica, Honduras. <\/p>\n\n\n\n<p><a href=\"https:\/\/www.facebook.com\/olimpiada.infantilmathn?mibextid=JRoKGi\">https:\/\/www.facebook.com\/olimpiada.infantilmathn?mibextid=JRoKGi<\/a><\/p>\n\n\n\n<p><\/p>\n<\/div><\/div>\n\n\n\n<div class=\"wp-block-media-text is-stacked-on-mobile\" style=\"grid-template-columns:16% auto\"><figure class=\"wp-block-media-text__media\"><img loading=\"lazy\" decoding=\"async\" width=\"436\" height=\"440\" src=\"https:\/\/multimedia.uned.ac.cr\/ece\/olimpri\/wp-content\/uploads\/sites\/38\/2024\/10\/Captura-de-pantalla-2024-10-14-a-las-10.00.04.png\" alt=\"\" class=\"wp-image-573 size-full\" srcset=\"https:\/\/multimedia.uned.ac.cr\/ece\/olimpri\/wp-content\/uploads\/sites\/38\/2024\/10\/Captura-de-pantalla-2024-10-14-a-las-10.00.04.png 436w, https:\/\/multimedia.uned.ac.cr\/ece\/olimpri\/wp-content\/uploads\/sites\/38\/2024\/10\/Captura-de-pantalla-2024-10-14-a-las-10.00.04-297x300.png 297w, https:\/\/multimedia.uned.ac.cr\/ece\/olimpri\/wp-content\/uploads\/sites\/38\/2024\/10\/Captura-de-pantalla-2024-10-14-a-las-10.00.04-150x150.png 150w\" sizes=\"auto, (min-width: 900px) 600px, 900px\" \/><\/figure><div class=\"wp-block-media-text__content\">\n<p>Olimpiada Matem\u00e1tica Ecuatoriana, Ecuador. <\/p>\n\n\n\n<p><a href=\"https:\/\/omec-mat.org\">https:\/\/omec-mat.org<\/a><\/p>\n\n\n\n<p><\/p>\n<\/div><\/div>\n\n\n\n<div class=\"wp-block-media-text is-stacked-on-mobile\" style=\"grid-template-columns:16% auto\"><figure class=\"wp-block-media-text__media\"><img loading=\"lazy\" decoding=\"async\" width=\"492\" height=\"520\" src=\"https:\/\/multimedia.uned.ac.cr\/ece\/olimpri\/wp-content\/uploads\/sites\/38\/2024\/10\/Captura-de-pantalla-2024-10-14-a-las-10.16.40.png\" alt=\"\" class=\"wp-image-579 size-full\" srcset=\"https:\/\/multimedia.uned.ac.cr\/ece\/olimpri\/wp-content\/uploads\/sites\/38\/2024\/10\/Captura-de-pantalla-2024-10-14-a-las-10.16.40.png 492w, https:\/\/multimedia.uned.ac.cr\/ece\/olimpri\/wp-content\/uploads\/sites\/38\/2024\/10\/Captura-de-pantalla-2024-10-14-a-las-10.16.40-284x300.png 284w\" sizes=\"auto, (min-width: 900px) 600px, 900px\" \/><\/figure><div class=\"wp-block-media-text__content\">\n<p>Grupo MATE, Per\u00fa.<\/p>\n\n\n\n<p><a href=\"https:\/\/grupo-mate.com\">https:\/\/grupo-mate.com<\/a><\/p>\n\n\n\n<p><\/p>\n<\/div><\/div>\n\n\n\n<p><\/p>\n","protected":false},"excerpt":{"rendered":"<p>Universidad Estatal a Distancia, Costa Rica. https:\/\/www.uned.ac.cr Asociaci\u00f3n para la promoci\u00f3n del talento matem\u00e1tico, Costa Rica. https:\/\/www.facebook.com\/apotemacr Sociedad Bolivariana de Ciencia y Tecnolog\u00eda. https:\/\/www.sobocyt.com Olimpiada Bolivariana de Ciencias, Bolivia. www.sobocyt.com Federaci\u00f3n Espa\u00f1ola de Sociedades de Profesores de Matem\u00e1tica, Espa\u00f1a. https:\/\/fespm.es Olimpiada Matem\u00e1tica Argentina, Argentina. https:\/\/www.oma.org.ar Departamento de Educaci\u00f3n B\u00e1sica, Universidad Pedag\u00f3gica Nacional Francisco Moraz\u00e1n, Honduras. https:\/\/www.upnfm.edu.hn Universidad Pedag\u00f3gica Nacional Francisco Moraz\u00e1n, Honduras. https:\/\/www.upnfm.edu.hn Asociaci\u00f3n Nacional de Profesores de Matem\u00e1tica, M\u00e9xico. https:\/\/www.anpm.mx Olimpiada Recreativa de Matem\u00e1tica, Venezuela. https:\/\/ormve.org Fundaci\u00f3n Motores por la Paz, Venezuela. https:\/\/orbitaci130.org Organizaci\u00f3n Multidisciplinaria de apoyo a profesores y alumnos, Paraguay. https:\/\/www.omapa.org Fundaci\u00f3n Olimpiada Paname\u00f1a de Matem\u00e1tica, Panam\u00e1.\u2026<\/p>\n","protected":false},"author":2,"featured_media":0,"parent":49,"menu_order":0,"comment_status":"closed","ping_status":"closed","template":"page-full-width.php","meta":{"footnotes":""},"class_list":["post-51","page","type-page","status-publish","hentry"],"_links":{"self":[{"href":"https:\/\/multimedia.uned.ac.cr\/ece\/olimpri\/wp-json\/wp\/v2\/pages\/51","targetHints":{"allow":["GET"]}}],"collection":[{"href":"https:\/\/multimedia.uned.ac.cr\/ece\/olimpri\/wp-json\/wp\/v2\/pages"}],"about":[{"href":"https:\/\/multimedia.uned.ac.cr\/ece\/olimpri\/wp-json\/wp\/v2\/types\/page"}],"author":[{"embeddable":true,"href":"https:\/\/multimedia.uned.ac.cr\/ece\/olimpri\/wp-json\/wp\/v2\/users\/2"}],"replies":[{"embeddable":true,"href":"https:\/\/multimedia.uned.ac.cr\/ece\/olimpri\/wp-json\/wp\/v2\/comments?post=51"}],"version-history":[{"count":9,"href":"https:\/\/multimedia.uned.ac.cr\/ece\/olimpri\/wp-json\/wp\/v2\/pages\/51\/revisions"}],"predecessor-version":[{"id":593,"href":"https:\/\/multimedia.uned.ac.cr\/ece\/olimpri\/wp-json\/wp\/v2\/pages\/51\/revisions\/593"}],"up":[{"embeddable":true,"href":"https:\/\/multimedia.uned.ac.cr\/ece\/olimpri\/wp-json\/wp\/v2\/pages\/49"}],"wp:attachment":[{"href":"https:\/\/multimedia.uned.ac.cr\/ece\/olimpri\/wp-json\/wp\/v2\/media?parent=51"}],"curies":[{"name":"wp","href":"https:\/\/api.w.org\/{rel}","templated":true}]}}