{"id":21,"date":"2023-10-18T21:05:36","date_gmt":"2023-10-18T21:05:36","guid":{"rendered":"https:\/\/multimedia.uned.ac.cr\/ece\/olimpri\/?page_id=21"},"modified":"2023-11-16T22:06:15","modified_gmt":"2023-11-16T22:06:15","slug":"historia","status":"publish","type":"page","link":"https:\/\/multimedia.uned.ac.cr\/ece\/olimpri\/historia\/","title":{"rendered":"Historia"},"content":{"rendered":"\n<div class=\"wp-block-media-text has-media-on-the-right is-stacked-on-mobile\" style=\"grid-template-columns:auto 37%\"><div class=\"wp-block-media-text__content\">\n<p>Conoce en esta secci\u00f3n un poco sobre la historia de esta competici\u00f3n, te invitamos a leer un poco sobre el origen de la misma, las necesidades que le dieron origen y su raz\u00f3n de ser. <\/p>\n\n\n\n<div class=\"wp-block-buttons is-content-justification-center is-layout-flex wp-container-core-buttons-is-layout-16018d1d wp-block-buttons-is-layout-flex\">\n<div class=\"wp-block-button\"><a class=\"wp-block-button__link wp-element-button\" href=\"https:\/\/multimedia.uned.ac.cr\/ece\/olimpri\/historia\/nacimiento-de-olimpri\/\">Nacimiento de Olimpri<\/a><\/div>\n<\/div>\n<\/div><figure class=\"wp-block-media-text__media\"><img loading=\"lazy\" decoding=\"async\" width=\"924\" height=\"524\" src=\"https:\/\/multimedia.uned.ac.cr\/ece\/olimpri\/wp-content\/uploads\/sites\/38\/2023\/11\/Captura-de-pantalla-2023-11-15-a-las-16.32.57.png\" alt=\"\" class=\"wp-image-406 size-full\" srcset=\"https:\/\/multimedia.uned.ac.cr\/ece\/olimpri\/wp-content\/uploads\/sites\/38\/2023\/11\/Captura-de-pantalla-2023-11-15-a-las-16.32.57.png 924w, https:\/\/multimedia.uned.ac.cr\/ece\/olimpri\/wp-content\/uploads\/sites\/38\/2023\/11\/Captura-de-pantalla-2023-11-15-a-las-16.32.57-300x170.png 300w, https:\/\/multimedia.uned.ac.cr\/ece\/olimpri\/wp-content\/uploads\/sites\/38\/2023\/11\/Captura-de-pantalla-2023-11-15-a-las-16.32.57-768x436.png 768w\" sizes=\"auto, (min-width: 900px) 600px, 900px\" \/><\/figure><\/div>\n\n\n\n<div style=\"height:50px\" aria-hidden=\"true\" class=\"wp-block-spacer\"><\/div>\n\n\n\n<div class=\"wp-block-media-text is-stacked-on-mobile\" style=\"grid-template-columns:26% auto\"><figure class=\"wp-block-media-text__media\"><img loading=\"lazy\" decoding=\"async\" width=\"772\" height=\"759\" src=\"https:\/\/multimedia.uned.ac.cr\/ece\/olimpri\/wp-content\/uploads\/sites\/38\/2023\/11\/Graficos-01-1.png\" alt=\"\" class=\"wp-image-294 size-full\" srcset=\"https:\/\/multimedia.uned.ac.cr\/ece\/olimpri\/wp-content\/uploads\/sites\/38\/2023\/11\/Graficos-01-1.png 772w, https:\/\/multimedia.uned.ac.cr\/ece\/olimpri\/wp-content\/uploads\/sites\/38\/2023\/11\/Graficos-01-1-300x295.png 300w, https:\/\/multimedia.uned.ac.cr\/ece\/olimpri\/wp-content\/uploads\/sites\/38\/2023\/11\/Graficos-01-1-768x755.png 768w\" sizes=\"auto, (min-width: 900px) 600px, 900px\" \/><\/figure><div class=\"wp-block-media-text__content\">\n<p>Tambi\u00e9n presentamos informaci\u00f3n sobre las ediciones anteriores, los organizadores, pa\u00edses participantes y delegaciones. <\/p>\n\n\n\n<div class=\"wp-block-buttons is-content-justification-center is-layout-flex wp-container-core-buttons-is-layout-16018d1d wp-block-buttons-is-layout-flex\">\n<div class=\"wp-block-button is-style-fill\"><a class=\"wp-block-button__link wp-element-button\" href=\"https:\/\/multimedia.uned.ac.cr\/ece\/olimpri\/historia\/ediciones-anteriores\/\">Ediciones anteriores<\/a><\/div>\n<\/div>\n<\/div><\/div>\n\n\n\n<div style=\"height:50px\" aria-hidden=\"true\" class=\"wp-block-spacer\"><\/div>\n\n\n\n<div class=\"wp-block-media-text has-media-on-the-right is-stacked-on-mobile\" style=\"grid-template-columns:auto 25%\"><div class=\"wp-block-media-text__content\">\n<p>Finalmente presentamos el hist\u00f3rico de ganadores de cada una de las ediciones realizadas hasta el momento. Para que el nombre de estos campeones y campeonas quede inmortalizado en la historia de la OLIMPRI. <\/p>\n\n\n\n<div class=\"wp-block-buttons is-layout-flex wp-block-buttons-is-layout-flex\">\n<div class=\"wp-block-button\"><a class=\"wp-block-button__link wp-element-button\" href=\"https:\/\/multimedia.uned.ac.cr\/ece\/olimpri\/historia\/historico-de-ganadores\/\">Hist\u00f3rico de ganadores<\/a><\/div>\n<\/div>\n<\/div><figure class=\"wp-block-media-text__media\"><img loading=\"lazy\" decoding=\"async\" width=\"838\" height=\"906\" src=\"https:\/\/multimedia.uned.ac.cr\/ece\/olimpri\/wp-content\/uploads\/sites\/38\/2023\/11\/Captura-de-pantalla-2023-11-16-a-las-22.37.12.png\" alt=\"\" class=\"wp-image-410 size-full\" srcset=\"https:\/\/multimedia.uned.ac.cr\/ece\/olimpri\/wp-content\/uploads\/sites\/38\/2023\/11\/Captura-de-pantalla-2023-11-16-a-las-22.37.12.png 838w, https:\/\/multimedia.uned.ac.cr\/ece\/olimpri\/wp-content\/uploads\/sites\/38\/2023\/11\/Captura-de-pantalla-2023-11-16-a-las-22.37.12-277x300.png 277w, https:\/\/multimedia.uned.ac.cr\/ece\/olimpri\/wp-content\/uploads\/sites\/38\/2023\/11\/Captura-de-pantalla-2023-11-16-a-las-22.37.12-768x830.png 768w\" sizes=\"auto, (min-width: 900px) 600px, 900px\" \/><\/figure><\/div>\n\n\n\n<p><\/p>\n","protected":false},"excerpt":{"rendered":"","protected":false},"author":2,"featured_media":0,"parent":0,"menu_order":0,"comment_status":"closed","ping_status":"closed","template":"page-full-width.php","meta":{"footnotes":""},"class_list":["post-21","page","type-page","status-publish","hentry"],"_links":{"self":[{"href":"https:\/\/multimedia.uned.ac.cr\/ece\/olimpri\/wp-json\/wp\/v2\/pages\/21","targetHints":{"allow":["GET"]}}],"collection":[{"href":"https:\/\/multimedia.uned.ac.cr\/ece\/olimpri\/wp-json\/wp\/v2\/pages"}],"about":[{"href":"https:\/\/multimedia.uned.ac.cr\/ece\/olimpri\/wp-json\/wp\/v2\/types\/page"}],"author":[{"embeddable":true,"href":"https:\/\/multimedia.uned.ac.cr\/ece\/olimpri\/wp-json\/wp\/v2\/users\/2"}],"replies":[{"embeddable":true,"href":"https:\/\/multimedia.uned.ac.cr\/ece\/olimpri\/wp-json\/wp\/v2\/comments?post=21"}],"version-history":[{"count":12,"href":"https:\/\/multimedia.uned.ac.cr\/ece\/olimpri\/wp-json\/wp\/v2\/pages\/21\/revisions"}],"predecessor-version":[{"id":431,"href":"https:\/\/multimedia.uned.ac.cr\/ece\/olimpri\/wp-json\/wp\/v2\/pages\/21\/revisions\/431"}],"wp:attachment":[{"href":"https:\/\/multimedia.uned.ac.cr\/ece\/olimpri\/wp-json\/wp\/v2\/media?parent=21"}],"curies":[{"name":"wp","href":"https:\/\/api.w.org\/{rel}","templated":true}]}}