{"id":10,"date":"2024-04-26T21:02:17","date_gmt":"2024-04-26T21:02:17","guid":{"rendered":"https:\/\/multimedia.uned.ac.cr\/ece\/coloquiopsicopedagogia2024\/?page_id=10"},"modified":"2024-08-12T19:09:12","modified_gmt":"2024-08-12T19:09:12","slug":"bienvenida","status":"publish","type":"page","link":"https:\/\/multimedia.uned.ac.cr\/ece\/coloquiopsicopedagogia2024\/","title":{"rendered":"Bienvenida"},"content":{"rendered":"\n<figure class=\"wp-block-embed aligncenter is-type-video is-provider-youtube wp-block-embed-youtube wp-embed-aspect-16-9 wp-has-aspect-ratio\"><div class=\"wp-block-embed__wrapper\">\n<iframe loading=\"lazy\" title=\"Invitaci\u00f3n al VI Coloquio Maestr\u00eda Profesional en Psicopedagog\u00eda\" width=\"640\" height=\"360\" src=\"https:\/\/www.youtube.com\/embed\/O3WGsb1PsuA?feature=oembed\" frameborder=\"0\" allow=\"accelerometer; autoplay; clipboard-write; encrypted-media; gyroscope; picture-in-picture; web-share\" referrerpolicy=\"strict-origin-when-cross-origin\" allowfullscreen><\/iframe>\n<\/div><\/figure>\n\n\n\n<p class=\"has-text-align-left\">El Coloquio constituye un espacio de encuentro profesional que permite a los participantes reflexionar en torno a los desaf\u00edos de la psicopedagog\u00eda, ante la diversidad, equidad e inclusi\u00f3n.&nbsp;<\/p>\n\n\n\n<p>Como resultado de la experiencia de 25 a\u00f1os de ofertarse esta maestr\u00eda, con dos procesos logrados de acreditaci\u00f3n nacional, el posgrado, se enfrenta a un nuevo reto social, c\u00f3mo entender y atender la diversidad, equidad e inclusi\u00f3n, como respuesta los indicadores de diversidad:<\/p>\n\n\n<div class=\"wp-block-image\">\n<figure class=\"aligncenter size-full is-resized\"><img loading=\"lazy\" decoding=\"async\" width=\"314\" height=\"364\" src=\"https:\/\/multimedia.uned.ac.cr\/ece\/coloquiopsicopedagogia2024\/wp-content\/uploads\/sites\/44\/2024\/07\/gestor.png\" alt=\"\" class=\"wp-image-165\" style=\"width:381px;height:auto\" srcset=\"https:\/\/multimedia.uned.ac.cr\/ece\/coloquiopsicopedagogia2024\/wp-content\/uploads\/sites\/44\/2024\/07\/gestor.png 314w, https:\/\/multimedia.uned.ac.cr\/ece\/coloquiopsicopedagogia2024\/wp-content\/uploads\/sites\/44\/2024\/07\/gestor-259x300.png 259w\" sizes=\"auto, (min-width: 900px) 600px, 900px\" \/><\/figure>\n<\/div>\n\n\n<p>La agenda 2030 en el objetivo cuatro indica: \u201cgarantizar una educaci\u00f3n inclusiva, equitativa y de calidad y promover oportunidades de aprendizaje durante toda la vida para todos\u201d.<a href=\" https:\/\/www.un.org\/sustainabledevelopment\/es\/education\/\"> https:\/\/www.un.org\/sustainabledevelopment\/es\/education\/<\/a><\/p>\n\n\n\n<p>El mismo documento se\u00f1ala que<\/p>\n\n\n\n<p><em>cuando las personas pueden obtener una educaci\u00f3n de calidad, pueden romper el ciclo de la pobreza. La educaci\u00f3n ayuda a reducir las desigualdades y a alcanzar la igualdad de g\u00e9nero. Tambi\u00e9n ayuda a las personas de todo el mundo vivir una vida m\u00e1s saludable y sostenible. La educaci\u00f3n tambi\u00e9n es importante para fomentar la tolerancia entre las personas y contribuye al desarrollo de sociedades m\u00e1s pac\u00edficas. <\/em>(Agenda 2030).<\/p>\n\n\n\n<p>Es por ello que, desde esta maestr\u00eda, mediante procesos de investigaci\u00f3n y construcci\u00f3n de nuevos saberes, se busca cumplir con estos indicadores, mediante una psicopedagog\u00eda interdisciplinaridad, para la equidad e inclusi\u00f3n social de todas aquellas personas, que de alguna forma se acerca a los profesionales estudiantes y graduados de este plan de estudios, puedan obtener una respuesta asertiva, coherente y de calidad, ante su planteamiento.<\/p>\n\n\n\n<p>Esta actividad, que se desarrollar\u00e1 en el mes de agosto, bajo la modalidad bimodal, cuenta con los siguientes objetivos:<\/p>\n\n\n\n<p><strong>Objetivo General<\/strong>:<\/p>\n\n\n\n<ul class=\"wp-block-list\">\n<li>Promover pr\u00e1cticas psicopedag\u00f3gicas inclusivas que reconozcan, respeten y valoren la diversidad de las personas, garantizando equidad en el acceso y participaci\u00f3n en los procesos educativos para una praxis intercultural, el respeto a los derechos humanos, la convivencia democr\u00e1tica y la ciudadan\u00eda global, desde una perspectiva cr\u00edtica y transformadora.<\/li>\n<\/ul>\n\n\n\n<p><strong>Objetivos Espec\u00edficos<\/strong>:<\/p>\n\n\n\n<ul class=\"wp-block-list\">\n<li>Exponer los proyectos de investigaci\u00f3n psicopedag\u00f3gicos, realizados por estudiantes y graduados en la diversidad de conocimientos, para la construcci\u00f3n de saberes de equidad e inclusi\u00f3n.<\/li>\n\n\n\n<li>Fomentar la investigaci\u00f3n psicopedag\u00f3gica para la generaci\u00f3n de acciones y saberes que respondan a la diversidad pa\u00eds y a los diferentes contextos sociales y educativos en los que encuentran inmersos.<\/li>\n\n\n\n<li>Capacitar a los profesionales de la psicopedagog\u00eda en competencias interculturales y en el manejo de la diversidad para garantizar una atenci\u00f3n equitativa y libre de prejuicios.<\/li>\n\n\n\n<li>Fomentar la colaboraci\u00f3n entre profesionales de la psicopedagog\u00eda, educadores, familias y comunidad para promover un ambiente inclusivo y de apoyo para todos los estudiantes.<\/li>\n\n\n\n<li>Difundir investigaciones de buenas pr\u00e1cticas y metodolog\u00edas innovadoras que favorezcan la inclusi\u00f3n y la equidad en el \u00e1mbito psicopedag\u00f3gico.<\/li>\n<\/ul>\n\n\n\n<p><strong>Temas<\/strong><\/p>\n\n\n\n<p><strong>Diversidad-equidad-inclusi\u00f3n: <\/strong>discapacidad-alto potencial-interculturalidad-orientaci\u00f3n sexual e identidad de g\u00e9nero-migraciones-vulnerabilidad socioecon\u00f3mica-tercera edad.<\/p>\n\n\n\n<figure class=\"wp-block-gallery aligncenter has-nested-images columns-default is-cropped wp-block-gallery-1 is-layout-flex wp-block-gallery-is-layout-flex\">\n<figure class=\"wp-block-image size-large\"><img loading=\"lazy\" decoding=\"async\" width=\"1024\" height=\"637\" data-id=\"201\" src=\"https:\/\/multimedia.uned.ac.cr\/ece\/coloquiopsicopedagogia2024\/wp-content\/uploads\/sites\/44\/2024\/07\/PPT.pdf-1024x637.png\" alt=\"\" class=\"wp-image-201\" srcset=\"https:\/\/multimedia.uned.ac.cr\/ece\/coloquiopsicopedagogia2024\/wp-content\/uploads\/sites\/44\/2024\/07\/PPT.pdf-1024x637.png 1024w, https:\/\/multimedia.uned.ac.cr\/ece\/coloquiopsicopedagogia2024\/wp-content\/uploads\/sites\/44\/2024\/07\/PPT.pdf-300x187.png 300w, https:\/\/multimedia.uned.ac.cr\/ece\/coloquiopsicopedagogia2024\/wp-content\/uploads\/sites\/44\/2024\/07\/PPT.pdf-768x478.png 768w, https:\/\/multimedia.uned.ac.cr\/ece\/coloquiopsicopedagogia2024\/wp-content\/uploads\/sites\/44\/2024\/07\/PPT.pdf-1536x955.png 1536w, https:\/\/multimedia.uned.ac.cr\/ece\/coloquiopsicopedagogia2024\/wp-content\/uploads\/sites\/44\/2024\/07\/PPT.pdf.png 2000w\" sizes=\"auto, (min-width: 900px) 600px, 900px\" \/><\/figure>\n<\/figure>\n","protected":false},"excerpt":{"rendered":"<p>El Coloquio constituye un espacio de encuentro profesional que permite a los participantes reflexionar en torno a los desaf\u00edos de la psicopedagog\u00eda, ante la diversidad, equidad e inclusi\u00f3n.&nbsp; Como resultado de la experiencia de 25 a\u00f1os de ofertarse esta maestr\u00eda, con dos procesos logrados de acreditaci\u00f3n nacional, el posgrado, se enfrenta a un nuevo reto social, c\u00f3mo entender y atender la diversidad, equidad e inclusi\u00f3n, como respuesta los indicadores de diversidad: La agenda 2030 en el objetivo cuatro indica: \u201cgarantizar una educaci\u00f3n inclusiva, equitativa y de calidad y promover oportunidades de aprendizaje durante toda la vida para todos\u201d. https:\/\/www.un.org\/sustainabledevelopment\/es\/education\/ El\u2026<\/p>\n","protected":false},"author":2,"featured_media":0,"parent":0,"menu_order":0,"comment_status":"closed","ping_status":"closed","template":"page-full-width.php","meta":{"footnotes":""},"class_list":["post-10","page","type-page","status-publish","hentry"],"_links":{"self":[{"href":"https:\/\/multimedia.uned.ac.cr\/ece\/coloquiopsicopedagogia2024\/wp-json\/wp\/v2\/pages\/10","targetHints":{"allow":["GET"]}}],"collection":[{"href":"https:\/\/multimedia.uned.ac.cr\/ece\/coloquiopsicopedagogia2024\/wp-json\/wp\/v2\/pages"}],"about":[{"href":"https:\/\/multimedia.uned.ac.cr\/ece\/coloquiopsicopedagogia2024\/wp-json\/wp\/v2\/types\/page"}],"author":[{"embeddable":true,"href":"https:\/\/multimedia.uned.ac.cr\/ece\/coloquiopsicopedagogia2024\/wp-json\/wp\/v2\/users\/2"}],"replies":[{"embeddable":true,"href":"https:\/\/multimedia.uned.ac.cr\/ece\/coloquiopsicopedagogia2024\/wp-json\/wp\/v2\/comments?post=10"}],"version-history":[{"count":10,"href":"https:\/\/multimedia.uned.ac.cr\/ece\/coloquiopsicopedagogia2024\/wp-json\/wp\/v2\/pages\/10\/revisions"}],"predecessor-version":[{"id":217,"href":"https:\/\/multimedia.uned.ac.cr\/ece\/coloquiopsicopedagogia2024\/wp-json\/wp\/v2\/pages\/10\/revisions\/217"}],"wp:attachment":[{"href":"https:\/\/multimedia.uned.ac.cr\/ece\/coloquiopsicopedagogia2024\/wp-json\/wp\/v2\/media?parent=10"}],"curies":[{"name":"wp","href":"https:\/\/api.w.org\/{rel}","templated":true}]}}